{"id":229,"date":"2018-09-04T11:01:32","date_gmt":"2018-09-04T15:01:32","guid":{"rendered":"http:\/\/stage.hearts-science.com\/?page_id=229"},"modified":"2024-01-02T10:21:41","modified_gmt":"2024-01-02T15:21:41","slug":"home","status":"publish","type":"page","link":"https:\/\/hearts-science.com\/fr-ca\/","title":{"rendered":"Accueil"},"content":{"rendered":"<h1>Marques.<br \/>\nVoici vos gens.<\/h1>\n","protected":false},"excerpt":{"rendered":"<p>Marques. Voici vos gens.<\/p>\n","protected":false},"author":1,"featured_media":32,"parent":0,"menu_order":0,"comment_status":"closed","ping_status":"closed","template":"custom-home.php","meta":{"_acf_changed":false,"inline_featured_image":false,"footnotes":""},"class_list":["post-229","page","type-page","status-publish","has-post-thumbnail","hentry"],"acf":[],"yoast_head":"<!-- This site is optimized with the Yoast SEO plugin v27.3 - https:\/\/yoast.com\/product\/yoast-seo-wordpress\/ -->\n<title>Hearts &amp; Science &#8211; Agence de Marketing Globale<\/title>\n<meta name=\"description\" content=\"Nous sommes une agence ax\u00e9e sur les donn\u00e9es qui aide certaines des plus grandes marques du monde \u00e0 nouer des relations individuelles avec une foule de consommateurs.\" \/>\n<meta name=\"robots\" content=\"index, follow, max-snippet:-1, max-image-preview:large, max-video-preview:-1\" \/>\n<link rel=\"canonical\" href=\"https:\/\/hearts-science.com\/fr-ca\/\" \/>\n<meta property=\"og:locale\" content=\"fr_CA\" \/>\n<meta property=\"og:type\" content=\"article\" \/>\n<meta property=\"og:title\" content=\"Hearts &amp; Science - Agence de Marketing Globale\" \/>\n<meta property=\"og:description\" content=\"Nous sommes une agence ax\u00e9e sur les donn\u00e9es qui aide certaines des plus grandes marques du monde \u00e0 nouer des relations individuelles avec une foule de consommateurs.\" \/>\n<meta property=\"og:url\" content=\"https:\/\/hearts-science.com\/fr-ca\/\" \/>\n<meta property=\"og:site_name\" content=\"Hearts &amp; Science\" \/>\n<meta property=\"article:modified_time\" content=\"2024-01-02T15:21:41+00:00\" \/>\n<meta property=\"og:image\" content=\"https:\/\/hearts-science.com\/wp-content\/uploads\/2019\/02\/hs-og-tag-no-copy-facebook.png\" \/>\n\t<meta property=\"og:image:width\" content=\"1024\" \/>\n\t<meta property=\"og:image:height\" content=\"512\" \/>\n\t<meta property=\"og:image:type\" content=\"image\/png\" \/>\n<meta name=\"twitter:card\" content=\"summary_large_image\" \/>\n<meta name=\"twitter:title\" content=\"Hearts &amp; Science - Agence de Marketing Globale\" \/>\n<meta name=\"twitter:description\" content=\"Nous sommes une agence ax\u00e9e sur les donn\u00e9es qui aide certaines des plus grandes marques du monde \u00e0 nouer des relations individuelles avec une foule de consommateurs.\" \/>\n<meta name=\"twitter:image\" content=\"https:\/\/hearts-science.com\/wp-content\/uploads\/2019\/02\/hs-og-tag-no-copy-twitter.png\" \/>\n<script type=\"application\/ld+json\" class=\"yoast-schema-graph\">{\"@context\":\"https:\\\/\\\/schema.org\",\"@graph\":[{\"@type\":\"WebPage\",\"@id\":\"https:\\\/\\\/hearts-science.com\\\/fr-ca\\\/\",\"url\":\"https:\\\/\\\/hearts-science.com\\\/fr-ca\\\/\",\"name\":\"Hearts &amp; Science &#8211; Agence de Marketing Globale\",\"isPartOf\":{\"@id\":\"https:\\\/\\\/hearts-science.com\\\/#website\"},\"primaryImageOfPage\":{\"@id\":\"https:\\\/\\\/hearts-science.com\\\/fr-ca\\\/#primaryimage\"},\"image\":{\"@id\":\"https:\\\/\\\/hearts-science.com\\\/fr-ca\\\/#primaryimage\"},\"thumbnailUrl\":\"https:\\\/\\\/hearts-science.com\\\/wp-content\\\/uploads\\\/2018\\\/09\\\/temp_hero.jpg\",\"datePublished\":\"2018-09-04T15:01:32+00:00\",\"dateModified\":\"2024-01-02T15:21:41+00:00\",\"description\":\"Nous sommes une agence ax\u00e9e sur les donn\u00e9es qui aide certaines des plus grandes marques du monde \u00e0 nouer des relations individuelles avec une foule de consommateurs.\",\"breadcrumb\":{\"@id\":\"https:\\\/\\\/hearts-science.com\\\/fr-ca\\\/#breadcrumb\"},\"inLanguage\":\"fr-CA\",\"potentialAction\":[{\"@type\":\"ReadAction\",\"target\":[\"https:\\\/\\\/hearts-science.com\\\/fr-ca\\\/\"]}]},{\"@type\":\"ImageObject\",\"inLanguage\":\"fr-CA\",\"@id\":\"https:\\\/\\\/hearts-science.com\\\/fr-ca\\\/#primaryimage\",\"url\":\"https:\\\/\\\/hearts-science.com\\\/wp-content\\\/uploads\\\/2018\\\/09\\\/temp_hero.jpg\",\"contentUrl\":\"https:\\\/\\\/hearts-science.com\\\/wp-content\\\/uploads\\\/2018\\\/09\\\/temp_hero.jpg\",\"width\":1821,\"height\":1025},{\"@type\":\"BreadcrumbList\",\"@id\":\"https:\\\/\\\/hearts-science.com\\\/fr-ca\\\/#breadcrumb\",\"itemListElement\":[{\"@type\":\"ListItem\",\"position\":1,\"name\":\"Home\",\"item\":\"https:\\\/\\\/hearts-science.com\\\/fr-ca\\\/\"},{\"@type\":\"ListItem\",\"position\":2,\"name\":\"Accueil\"}]},{\"@type\":\"WebSite\",\"@id\":\"https:\\\/\\\/hearts-science.com\\\/#website\",\"url\":\"https:\\\/\\\/hearts-science.com\\\/\",\"name\":\"Hearts &amp; Science\",\"description\":\"Global Marketing Agency\",\"potentialAction\":[{\"@type\":\"SearchAction\",\"target\":{\"@type\":\"EntryPoint\",\"urlTemplate\":\"https:\\\/\\\/hearts-science.com\\\/?s={search_term_string}\"},\"query-input\":{\"@type\":\"PropertyValueSpecification\",\"valueRequired\":true,\"valueName\":\"search_term_string\"}}],\"inLanguage\":\"fr-CA\"}]}<\/script>\n<!-- \/ Yoast SEO plugin. -->","yoast_head_json":{"title":"Hearts &amp; Science &#8211; Agence de Marketing Globale","description":"Nous sommes une agence ax\u00e9e sur les donn\u00e9es qui aide certaines des plus grandes marques du monde \u00e0 nouer des relations individuelles avec une foule de consommateurs.","robots":{"index":"index","follow":"follow","max-snippet":"max-snippet:-1","max-image-preview":"max-image-preview:large","max-video-preview":"max-video-preview:-1"},"canonical":"https:\/\/hearts-science.com\/fr-ca\/","og_locale":"fr_CA","og_type":"article","og_title":"Hearts & Science - Agence de Marketing Globale","og_description":"Nous sommes une agence ax\u00e9e sur les donn\u00e9es qui aide certaines des plus grandes marques du monde \u00e0 nouer des relations individuelles avec une foule de consommateurs.","og_url":"https:\/\/hearts-science.com\/fr-ca\/","og_site_name":"Hearts &amp; Science","article_modified_time":"2024-01-02T15:21:41+00:00","og_image":[{"width":1024,"height":512,"url":"https:\/\/hearts-science.com\/wp-content\/uploads\/2019\/02\/hs-og-tag-no-copy-facebook.png","type":"image\/png"}],"twitter_card":"summary_large_image","twitter_title":"Hearts & Science - Agence de Marketing Globale","twitter_description":"Nous sommes une agence ax\u00e9e sur les donn\u00e9es qui aide certaines des plus grandes marques du monde \u00e0 nouer des relations individuelles avec une foule de consommateurs.","twitter_image":"https:\/\/hearts-science.com\/wp-content\/uploads\/2019\/02\/hs-og-tag-no-copy-twitter.png","schema":{"@context":"https:\/\/schema.org","@graph":[{"@type":"WebPage","@id":"https:\/\/hearts-science.com\/fr-ca\/","url":"https:\/\/hearts-science.com\/fr-ca\/","name":"Hearts &amp; Science &#8211; Agence de Marketing Globale","isPartOf":{"@id":"https:\/\/hearts-science.com\/#website"},"primaryImageOfPage":{"@id":"https:\/\/hearts-science.com\/fr-ca\/#primaryimage"},"image":{"@id":"https:\/\/hearts-science.com\/fr-ca\/#primaryimage"},"thumbnailUrl":"https:\/\/hearts-science.com\/wp-content\/uploads\/2018\/09\/temp_hero.jpg","datePublished":"2018-09-04T15:01:32+00:00","dateModified":"2024-01-02T15:21:41+00:00","description":"Nous sommes une agence ax\u00e9e sur les donn\u00e9es qui aide certaines des plus grandes marques du monde \u00e0 nouer des relations individuelles avec une foule de consommateurs.","breadcrumb":{"@id":"https:\/\/hearts-science.com\/fr-ca\/#breadcrumb"},"inLanguage":"fr-CA","potentialAction":[{"@type":"ReadAction","target":["https:\/\/hearts-science.com\/fr-ca\/"]}]},{"@type":"ImageObject","inLanguage":"fr-CA","@id":"https:\/\/hearts-science.com\/fr-ca\/#primaryimage","url":"https:\/\/hearts-science.com\/wp-content\/uploads\/2018\/09\/temp_hero.jpg","contentUrl":"https:\/\/hearts-science.com\/wp-content\/uploads\/2018\/09\/temp_hero.jpg","width":1821,"height":1025},{"@type":"BreadcrumbList","@id":"https:\/\/hearts-science.com\/fr-ca\/#breadcrumb","itemListElement":[{"@type":"ListItem","position":1,"name":"Home","item":"https:\/\/hearts-science.com\/fr-ca\/"},{"@type":"ListItem","position":2,"name":"Accueil"}]},{"@type":"WebSite","@id":"https:\/\/hearts-science.com\/#website","url":"https:\/\/hearts-science.com\/","name":"Hearts &amp; Science","description":"Global Marketing Agency","potentialAction":[{"@type":"SearchAction","target":{"@type":"EntryPoint","urlTemplate":"https:\/\/hearts-science.com\/?s={search_term_string}"},"query-input":{"@type":"PropertyValueSpecification","valueRequired":true,"valueName":"search_term_string"}}],"inLanguage":"fr-CA"}]}},"jetpack_sharing_enabled":true,"publishpress_future_workflow_manual_trigger":{"enabledWorkflows":[]},"_links":{"self":[{"href":"https:\/\/hearts-science.com\/fr-ca\/wp-json\/wp\/v2\/pages\/229","targetHints":{"allow":["GET"]}}],"collection":[{"href":"https:\/\/hearts-science.com\/fr-ca\/wp-json\/wp\/v2\/pages"}],"about":[{"href":"https:\/\/hearts-science.com\/fr-ca\/wp-json\/wp\/v2\/types\/page"}],"author":[{"embeddable":true,"href":"https:\/\/hearts-science.com\/fr-ca\/wp-json\/wp\/v2\/users\/1"}],"replies":[{"embeddable":true,"href":"https:\/\/hearts-science.com\/fr-ca\/wp-json\/wp\/v2\/comments?post=229"}],"version-history":[{"count":0,"href":"https:\/\/hearts-science.com\/fr-ca\/wp-json\/wp\/v2\/pages\/229\/revisions"}],"wp:featuredmedia":[{"embeddable":true,"href":"https:\/\/hearts-science.com\/fr-ca\/wp-json\/wp\/v2\/media\/32"}],"wp:attachment":[{"href":"https:\/\/hearts-science.com\/fr-ca\/wp-json\/wp\/v2\/media?parent=229"}],"curies":[{"name":"wp","href":"https:\/\/api.w.org\/{rel}","templated":true}]}}