{"id":4090,"date":"2018-09-11T10:30:48","date_gmt":"2018-09-11T14:30:48","guid":{"rendered":"http:\/\/stage.hearts-science.com\/services\/"},"modified":"2022-01-06T16:08:33","modified_gmt":"2022-01-06T21:08:33","slug":"services","status":"publish","type":"page","link":"https:\/\/hearts-science.com\/fr-ca\/services\/","title":{"rendered":"Services"},"content":{"rendered":"","protected":false},"excerpt":{"rendered":"","protected":false},"author":1,"featured_media":0,"parent":0,"menu_order":0,"comment_status":"closed","ping_status":"closed","template":"custom-services.php","meta":{"_acf_changed":false,"inline_featured_image":false,"footnotes":""},"class_list":["post-4090","page","type-page","status-publish","hentry"],"acf":[],"yoast_head":"<!-- This site is optimized with the Yoast SEO plugin v27.4 - https:\/\/yoast.com\/product\/yoast-seo-wordpress\/ -->\n<title>Services &#8211; Hearts &amp; Science<\/title>\n<meta name=\"description\" content=\"Nous travaillons en zigzag pour offrir les services strat\u00e9giques les mieux adapt\u00e9s \u00e0 votre entreprise en particulier. Gr\u00e2ce \u00e0 des donn\u00e9es en temps r\u00e9el et au contenu cibl\u00e9, les consommateurs afflueront vers vous.\" \/>\n<meta name=\"robots\" content=\"index, follow, max-snippet:-1, max-image-preview:large, max-video-preview:-1\" \/>\n<link rel=\"canonical\" href=\"https:\/\/hearts-science.com\/fr-ca\/services\/\" \/>\n<meta property=\"og:locale\" content=\"fr_CA\" \/>\n<meta property=\"og:type\" content=\"article\" \/>\n<meta property=\"og:title\" content=\"Services \u2013 Hearts &amp; Science\" \/>\n<meta property=\"og:description\" content=\"Nous travaillons en zigzag pour offrir les services strat\u00e9giques les mieux adapt\u00e9s \u00e0 votre entreprise en particulier. Gr\u00e2ce \u00e0 des donn\u00e9es en temps r\u00e9el et au contenu cibl\u00e9, les consommateurs afflueront vers vous.\" \/>\n<meta property=\"og:url\" content=\"https:\/\/hearts-science.com\/fr-ca\/services\/\" \/>\n<meta property=\"og:site_name\" content=\"Hearts &amp; Science\" \/>\n<meta property=\"article:modified_time\" content=\"2022-01-06T21:08:33+00:00\" \/>\n<meta property=\"og:image\" content=\"https:\/\/hearts-science.com\/wp-content\/uploads\/2019\/02\/hs-og-tag-no-copy-facebook.png\" \/>\n\t<meta property=\"og:image:width\" content=\"1024\" \/>\n\t<meta property=\"og:image:height\" content=\"512\" \/>\n\t<meta property=\"og:image:type\" content=\"image\/png\" \/>\n<meta name=\"twitter:card\" content=\"summary_large_image\" \/>\n<meta name=\"twitter:title\" content=\"Services \u2013 Hearts &amp; Science\" \/>\n<meta name=\"twitter:description\" content=\"Nous travaillons en zigzag pour offrir les services strat\u00e9giques les mieux adapt\u00e9s \u00e0 votre entreprise en particulier. Gr\u00e2ce \u00e0 des donn\u00e9es en temps r\u00e9el et au contenu cibl\u00e9, les consommateurs afflueront vers vous.\" \/>\n<meta name=\"twitter:image\" content=\"https:\/\/hearts-science.com\/wp-content\/uploads\/2019\/02\/hs-og-tag-no-copy-twitter.png\" \/>\n<script type=\"application\/ld+json\" class=\"yoast-schema-graph\">{\"@context\":\"https:\\\/\\\/schema.org\",\"@graph\":[{\"@type\":\"WebPage\",\"@id\":\"https:\\\/\\\/hearts-science.com\\\/fr-ca\\\/services\\\/\",\"url\":\"https:\\\/\\\/hearts-science.com\\\/fr-ca\\\/services\\\/\",\"name\":\"Services &#8211; Hearts &amp; Science\",\"isPartOf\":{\"@id\":\"https:\\\/\\\/hearts-science.com\\\/#website\"},\"datePublished\":\"2018-09-11T14:30:48+00:00\",\"dateModified\":\"2022-01-06T21:08:33+00:00\",\"description\":\"Nous travaillons en zigzag pour offrir les services strat\u00e9giques les mieux adapt\u00e9s \u00e0 votre entreprise en particulier. Gr\u00e2ce \u00e0 des donn\u00e9es en temps r\u00e9el et au contenu cibl\u00e9, les consommateurs afflueront vers vous.\",\"breadcrumb\":{\"@id\":\"https:\\\/\\\/hearts-science.com\\\/fr-ca\\\/services\\\/#breadcrumb\"},\"inLanguage\":\"fr-CA\",\"potentialAction\":[{\"@type\":\"ReadAction\",\"target\":[\"https:\\\/\\\/hearts-science.com\\\/fr-ca\\\/services\\\/\"]}]},{\"@type\":\"BreadcrumbList\",\"@id\":\"https:\\\/\\\/hearts-science.com\\\/fr-ca\\\/services\\\/#breadcrumb\",\"itemListElement\":[{\"@type\":\"ListItem\",\"position\":1,\"name\":\"Home\",\"item\":\"https:\\\/\\\/hearts-science.com\\\/fr-ca\\\/\"},{\"@type\":\"ListItem\",\"position\":2,\"name\":\"Services\"}]},{\"@type\":\"WebSite\",\"@id\":\"https:\\\/\\\/hearts-science.com\\\/#website\",\"url\":\"https:\\\/\\\/hearts-science.com\\\/\",\"name\":\"Hearts &amp; Science\",\"description\":\"Global Marketing Agency\",\"potentialAction\":[{\"@type\":\"SearchAction\",\"target\":{\"@type\":\"EntryPoint\",\"urlTemplate\":\"https:\\\/\\\/hearts-science.com\\\/?s={search_term_string}\"},\"query-input\":{\"@type\":\"PropertyValueSpecification\",\"valueRequired\":true,\"valueName\":\"search_term_string\"}}],\"inLanguage\":\"fr-CA\"}]}<\/script>\n<!-- \/ Yoast SEO plugin. -->","yoast_head_json":{"title":"Services &#8211; Hearts &amp; Science","description":"Nous travaillons en zigzag pour offrir les services strat\u00e9giques les mieux adapt\u00e9s \u00e0 votre entreprise en particulier. Gr\u00e2ce \u00e0 des donn\u00e9es en temps r\u00e9el et au contenu cibl\u00e9, les consommateurs afflueront vers vous.","robots":{"index":"index","follow":"follow","max-snippet":"max-snippet:-1","max-image-preview":"max-image-preview:large","max-video-preview":"max-video-preview:-1"},"canonical":"https:\/\/hearts-science.com\/fr-ca\/services\/","og_locale":"fr_CA","og_type":"article","og_title":"Services \u2013 Hearts & Science","og_description":"Nous travaillons en zigzag pour offrir les services strat\u00e9giques les mieux adapt\u00e9s \u00e0 votre entreprise en particulier. Gr\u00e2ce \u00e0 des donn\u00e9es en temps r\u00e9el et au contenu cibl\u00e9, les consommateurs afflueront vers vous.","og_url":"https:\/\/hearts-science.com\/fr-ca\/services\/","og_site_name":"Hearts &amp; Science","article_modified_time":"2022-01-06T21:08:33+00:00","og_image":[{"width":1024,"height":512,"url":"https:\/\/hearts-science.com\/wp-content\/uploads\/2019\/02\/hs-og-tag-no-copy-facebook.png","type":"image\/png"}],"twitter_card":"summary_large_image","twitter_title":"Services \u2013 Hearts & Science","twitter_description":"Nous travaillons en zigzag pour offrir les services strat\u00e9giques les mieux adapt\u00e9s \u00e0 votre entreprise en particulier. Gr\u00e2ce \u00e0 des donn\u00e9es en temps r\u00e9el et au contenu cibl\u00e9, les consommateurs afflueront vers vous.","twitter_image":"https:\/\/hearts-science.com\/wp-content\/uploads\/2019\/02\/hs-og-tag-no-copy-twitter.png","schema":{"@context":"https:\/\/schema.org","@graph":[{"@type":"WebPage","@id":"https:\/\/hearts-science.com\/fr-ca\/services\/","url":"https:\/\/hearts-science.com\/fr-ca\/services\/","name":"Services &#8211; Hearts &amp; Science","isPartOf":{"@id":"https:\/\/hearts-science.com\/#website"},"datePublished":"2018-09-11T14:30:48+00:00","dateModified":"2022-01-06T21:08:33+00:00","description":"Nous travaillons en zigzag pour offrir les services strat\u00e9giques les mieux adapt\u00e9s \u00e0 votre entreprise en particulier. Gr\u00e2ce \u00e0 des donn\u00e9es en temps r\u00e9el et au contenu cibl\u00e9, les consommateurs afflueront vers vous.","breadcrumb":{"@id":"https:\/\/hearts-science.com\/fr-ca\/services\/#breadcrumb"},"inLanguage":"fr-CA","potentialAction":[{"@type":"ReadAction","target":["https:\/\/hearts-science.com\/fr-ca\/services\/"]}]},{"@type":"BreadcrumbList","@id":"https:\/\/hearts-science.com\/fr-ca\/services\/#breadcrumb","itemListElement":[{"@type":"ListItem","position":1,"name":"Home","item":"https:\/\/hearts-science.com\/fr-ca\/"},{"@type":"ListItem","position":2,"name":"Services"}]},{"@type":"WebSite","@id":"https:\/\/hearts-science.com\/#website","url":"https:\/\/hearts-science.com\/","name":"Hearts &amp; Science","description":"Global Marketing Agency","potentialAction":[{"@type":"SearchAction","target":{"@type":"EntryPoint","urlTemplate":"https:\/\/hearts-science.com\/?s={search_term_string}"},"query-input":{"@type":"PropertyValueSpecification","valueRequired":true,"valueName":"search_term_string"}}],"inLanguage":"fr-CA"}]}},"jetpack_sharing_enabled":true,"publishpress_future_workflow_manual_trigger":{"enabledWorkflows":[]},"_links":{"self":[{"href":"https:\/\/hearts-science.com\/fr-ca\/wp-json\/wp\/v2\/pages\/4090","targetHints":{"allow":["GET"]}}],"collection":[{"href":"https:\/\/hearts-science.com\/fr-ca\/wp-json\/wp\/v2\/pages"}],"about":[{"href":"https:\/\/hearts-science.com\/fr-ca\/wp-json\/wp\/v2\/types\/page"}],"author":[{"embeddable":true,"href":"https:\/\/hearts-science.com\/fr-ca\/wp-json\/wp\/v2\/users\/1"}],"replies":[{"embeddable":true,"href":"https:\/\/hearts-science.com\/fr-ca\/wp-json\/wp\/v2\/comments?post=4090"}],"version-history":[{"count":0,"href":"https:\/\/hearts-science.com\/fr-ca\/wp-json\/wp\/v2\/pages\/4090\/revisions"}],"wp:attachment":[{"href":"https:\/\/hearts-science.com\/fr-ca\/wp-json\/wp\/v2\/media?parent=4090"}],"curies":[{"name":"wp","href":"https:\/\/api.w.org\/{rel}","templated":true}]}}