{"id":4151,"date":"2018-09-11T10:29:34","date_gmt":"2018-09-11T14:29:34","guid":{"rendered":"http:\/\/stage.hearts-science.com\/careers\/"},"modified":"2021-09-16T14:07:48","modified_gmt":"2021-09-16T18:07:48","slug":"carrieres","status":"publish","type":"page","link":"https:\/\/hearts-science.com\/fr-ca\/carrieres\/","title":{"rendered":"Carri\u00e8res"},"content":{"rendered":"","protected":false},"excerpt":{"rendered":"","protected":false},"author":1,"featured_media":0,"parent":0,"menu_order":0,"comment_status":"closed","ping_status":"closed","template":"custom-careers.php","meta":{"_acf_changed":false,"inline_featured_image":false,"footnotes":""},"class_list":["post-4151","page","type-page","status-publish","hentry"],"acf":[],"yoast_head":"<!-- This site is optimized with the Yoast SEO plugin v27.5 - https:\/\/yoast.com\/product\/yoast-seo-wordpress\/ -->\n<title>Carri\u00e8res &#8211; Hearts &amp; Science<\/title>\n<meta name=\"description\" content=\"Nous embauchons! Joignez-vous \u00e0 notre \u00e9quipe d\u2019innovateurs passionn\u00e9s par les donn\u00e9es et refa\u00e7onnez l\u2019industrie des m\u00e9dias avec nous. Voyez nos valeurs fondamentales et les avantages offerts.\" \/>\n<meta name=\"robots\" content=\"index, follow, max-snippet:-1, max-image-preview:large, max-video-preview:-1\" \/>\n<link rel=\"canonical\" href=\"https:\/\/hearts-science.com\/fr-ca\/carrieres\/\" \/>\n<meta property=\"og:locale\" content=\"fr_CA\" \/>\n<meta property=\"og:type\" content=\"article\" \/>\n<meta property=\"og:title\" content=\"Carrieres \u2013 Hearts &amp; Science\" \/>\n<meta property=\"og:description\" content=\"Nous embauchons! Joignez-vous \u00e0 notre \u00e9quipe d\u2019innovateurs passionn\u00e9s par les donn\u00e9es et refa\u00e7onnez l\u2019industrie des m\u00e9dias avec nous. Voyez nos valeurs fondamentales et les avantages offerts.\" \/>\n<meta property=\"og:url\" content=\"https:\/\/hearts-science.com\/fr-ca\/carrieres\/\" \/>\n<meta property=\"og:site_name\" content=\"Hearts &amp; Science\" \/>\n<meta property=\"article:modified_time\" content=\"2021-09-16T18:07:48+00:00\" \/>\n<meta property=\"og:image\" content=\"https:\/\/hearts-science.com\/wp-content\/uploads\/2019\/02\/hs-og-tag-no-copy-facebook.png\" \/>\n\t<meta property=\"og:image:width\" content=\"1024\" \/>\n\t<meta property=\"og:image:height\" content=\"512\" \/>\n\t<meta property=\"og:image:type\" content=\"image\/png\" \/>\n<meta name=\"twitter:card\" content=\"summary_large_image\" \/>\n<meta name=\"twitter:title\" content=\"Carrieres \u2013 Hearts &amp; Science\" \/>\n<meta name=\"twitter:description\" content=\"Nous embauchons! Joignez-vous \u00e0 notre \u00e9quipe d\u2019innovateurs passionn\u00e9s par les donn\u00e9es et refa\u00e7onnez l\u2019industrie des m\u00e9dias avec nous. Voyez nos valeurs fondamentales et les avantages offerts.\" \/>\n<meta name=\"twitter:image\" content=\"https:\/\/hearts-science.com\/wp-content\/uploads\/2019\/02\/hs-og-tag-no-copy-twitter.png\" \/>\n<script type=\"application\/ld+json\" class=\"yoast-schema-graph\">{\"@context\":\"https:\\\/\\\/schema.org\",\"@graph\":[{\"@type\":\"WebPage\",\"@id\":\"https:\\\/\\\/hearts-science.com\\\/fr-ca\\\/carrieres\\\/\",\"url\":\"https:\\\/\\\/hearts-science.com\\\/fr-ca\\\/carrieres\\\/\",\"name\":\"Carri\u00e8res &#8211; Hearts &amp; Science\",\"isPartOf\":{\"@id\":\"https:\\\/\\\/hearts-science.com\\\/#website\"},\"datePublished\":\"2018-09-11T14:29:34+00:00\",\"dateModified\":\"2021-09-16T18:07:48+00:00\",\"description\":\"Nous embauchons! Joignez-vous \u00e0 notre \u00e9quipe d\u2019innovateurs passionn\u00e9s par les donn\u00e9es et refa\u00e7onnez l\u2019industrie des m\u00e9dias avec nous. Voyez nos valeurs fondamentales et les avantages offerts.\",\"breadcrumb\":{\"@id\":\"https:\\\/\\\/hearts-science.com\\\/fr-ca\\\/carrieres\\\/#breadcrumb\"},\"inLanguage\":\"fr-CA\",\"potentialAction\":[{\"@type\":\"ReadAction\",\"target\":[\"https:\\\/\\\/hearts-science.com\\\/fr-ca\\\/carrieres\\\/\"]}]},{\"@type\":\"BreadcrumbList\",\"@id\":\"https:\\\/\\\/hearts-science.com\\\/fr-ca\\\/carrieres\\\/#breadcrumb\",\"itemListElement\":[{\"@type\":\"ListItem\",\"position\":1,\"name\":\"Home\",\"item\":\"https:\\\/\\\/hearts-science.com\\\/fr-ca\\\/\"},{\"@type\":\"ListItem\",\"position\":2,\"name\":\"Carri\u00e8res\"}]},{\"@type\":\"WebSite\",\"@id\":\"https:\\\/\\\/hearts-science.com\\\/#website\",\"url\":\"https:\\\/\\\/hearts-science.com\\\/\",\"name\":\"Hearts &amp; Science\",\"description\":\"Global Marketing Agency\",\"potentialAction\":[{\"@type\":\"SearchAction\",\"target\":{\"@type\":\"EntryPoint\",\"urlTemplate\":\"https:\\\/\\\/hearts-science.com\\\/?s={search_term_string}\"},\"query-input\":{\"@type\":\"PropertyValueSpecification\",\"valueRequired\":true,\"valueName\":\"search_term_string\"}}],\"inLanguage\":\"fr-CA\"}]}<\/script>\n<!-- \/ Yoast SEO plugin. -->","yoast_head_json":{"title":"Carri\u00e8res &#8211; Hearts &amp; Science","description":"Nous embauchons! Joignez-vous \u00e0 notre \u00e9quipe d\u2019innovateurs passionn\u00e9s par les donn\u00e9es et refa\u00e7onnez l\u2019industrie des m\u00e9dias avec nous. Voyez nos valeurs fondamentales et les avantages offerts.","robots":{"index":"index","follow":"follow","max-snippet":"max-snippet:-1","max-image-preview":"max-image-preview:large","max-video-preview":"max-video-preview:-1"},"canonical":"https:\/\/hearts-science.com\/fr-ca\/carrieres\/","og_locale":"fr_CA","og_type":"article","og_title":"Carrieres \u2013 Hearts & Science","og_description":"Nous embauchons! Joignez-vous \u00e0 notre \u00e9quipe d\u2019innovateurs passionn\u00e9s par les donn\u00e9es et refa\u00e7onnez l\u2019industrie des m\u00e9dias avec nous. Voyez nos valeurs fondamentales et les avantages offerts.","og_url":"https:\/\/hearts-science.com\/fr-ca\/carrieres\/","og_site_name":"Hearts &amp; Science","article_modified_time":"2021-09-16T18:07:48+00:00","og_image":[{"width":1024,"height":512,"url":"https:\/\/hearts-science.com\/wp-content\/uploads\/2019\/02\/hs-og-tag-no-copy-facebook.png","type":"image\/png"}],"twitter_card":"summary_large_image","twitter_title":"Carrieres \u2013 Hearts & Science","twitter_description":"Nous embauchons! Joignez-vous \u00e0 notre \u00e9quipe d\u2019innovateurs passionn\u00e9s par les donn\u00e9es et refa\u00e7onnez l\u2019industrie des m\u00e9dias avec nous. Voyez nos valeurs fondamentales et les avantages offerts.","twitter_image":"https:\/\/hearts-science.com\/wp-content\/uploads\/2019\/02\/hs-og-tag-no-copy-twitter.png","schema":{"@context":"https:\/\/schema.org","@graph":[{"@type":"WebPage","@id":"https:\/\/hearts-science.com\/fr-ca\/carrieres\/","url":"https:\/\/hearts-science.com\/fr-ca\/carrieres\/","name":"Carri\u00e8res &#8211; Hearts &amp; Science","isPartOf":{"@id":"https:\/\/hearts-science.com\/#website"},"datePublished":"2018-09-11T14:29:34+00:00","dateModified":"2021-09-16T18:07:48+00:00","description":"Nous embauchons! Joignez-vous \u00e0 notre \u00e9quipe d\u2019innovateurs passionn\u00e9s par les donn\u00e9es et refa\u00e7onnez l\u2019industrie des m\u00e9dias avec nous. Voyez nos valeurs fondamentales et les avantages offerts.","breadcrumb":{"@id":"https:\/\/hearts-science.com\/fr-ca\/carrieres\/#breadcrumb"},"inLanguage":"fr-CA","potentialAction":[{"@type":"ReadAction","target":["https:\/\/hearts-science.com\/fr-ca\/carrieres\/"]}]},{"@type":"BreadcrumbList","@id":"https:\/\/hearts-science.com\/fr-ca\/carrieres\/#breadcrumb","itemListElement":[{"@type":"ListItem","position":1,"name":"Home","item":"https:\/\/hearts-science.com\/fr-ca\/"},{"@type":"ListItem","position":2,"name":"Carri\u00e8res"}]},{"@type":"WebSite","@id":"https:\/\/hearts-science.com\/#website","url":"https:\/\/hearts-science.com\/","name":"Hearts &amp; Science","description":"Global Marketing Agency","potentialAction":[{"@type":"SearchAction","target":{"@type":"EntryPoint","urlTemplate":"https:\/\/hearts-science.com\/?s={search_term_string}"},"query-input":{"@type":"PropertyValueSpecification","valueRequired":true,"valueName":"search_term_string"}}],"inLanguage":"fr-CA"}]}},"jetpack_sharing_enabled":true,"publishpress_future_workflow_manual_trigger":{"enabledWorkflows":[]},"_links":{"self":[{"href":"https:\/\/hearts-science.com\/fr-ca\/wp-json\/wp\/v2\/pages\/4151","targetHints":{"allow":["GET"]}}],"collection":[{"href":"https:\/\/hearts-science.com\/fr-ca\/wp-json\/wp\/v2\/pages"}],"about":[{"href":"https:\/\/hearts-science.com\/fr-ca\/wp-json\/wp\/v2\/types\/page"}],"author":[{"embeddable":true,"href":"https:\/\/hearts-science.com\/fr-ca\/wp-json\/wp\/v2\/users\/1"}],"replies":[{"embeddable":true,"href":"https:\/\/hearts-science.com\/fr-ca\/wp-json\/wp\/v2\/comments?post=4151"}],"version-history":[{"count":0,"href":"https:\/\/hearts-science.com\/fr-ca\/wp-json\/wp\/v2\/pages\/4151\/revisions"}],"wp:attachment":[{"href":"https:\/\/hearts-science.com\/fr-ca\/wp-json\/wp\/v2\/media?parent=4151"}],"curies":[{"name":"wp","href":"https:\/\/api.w.org\/{rel}","templated":true}]}}