{"id":4163,"date":"2018-09-11T10:29:34","date_gmt":"2018-09-11T14:29:34","guid":{"rendered":"http:\/\/stage.hearts-science.com\/careers\/"},"modified":"2023-02-08T11:59:48","modified_gmt":"2023-02-08T16:59:48","slug":"karriar","status":"publish","type":"page","link":"https:\/\/hearts-science.com\/sv\/karriar\/","title":{"rendered":"Karri\u00e4r"},"content":{"rendered":"","protected":false},"excerpt":{"rendered":"","protected":false},"author":1,"featured_media":0,"parent":0,"menu_order":0,"comment_status":"closed","ping_status":"closed","template":"custom-careers.php","meta":{"_acf_changed":false,"inline_featured_image":false,"footnotes":""},"class_list":["post-4163","page","type-page","status-publish","hentry"],"acf":[],"yoast_head":"<!-- This site is optimized with the Yoast SEO plugin v27.5 - https:\/\/yoast.com\/product\/yoast-seo-wordpress\/ -->\n<title>Karri\u00e4r &#8211; Hearts &amp; Science<\/title>\n<meta name=\"description\" content=\"Bli en del av v\u00e5rt h\u00e4rliga g\u00e4ng av fram\u00e5tlutade kollegor! L\u00e4s mer om Hearts &amp; Science som arbetsplats och vad vi erbjuder.\" \/>\n<meta name=\"robots\" content=\"index, follow, max-snippet:-1, max-image-preview:large, max-video-preview:-1\" \/>\n<link rel=\"canonical\" href=\"https:\/\/hearts-science.com\/sv\/karriar\/\" \/>\n<meta property=\"og:locale\" content=\"sv_SE\" \/>\n<meta property=\"og:type\" content=\"article\" \/>\n<meta property=\"og:title\" content=\"Careers \u2013 Hearts &amp; Science\" \/>\n<meta property=\"og:description\" content=\"We are now hiring! Join our data-driven team of innovators and reimagine the media industry with us. See our core values and the perks of the job.\" \/>\n<meta property=\"og:url\" content=\"https:\/\/hearts-science.com\/sv\/karriar\/\" \/>\n<meta property=\"og:site_name\" content=\"Hearts &amp; Science\" \/>\n<meta property=\"article:modified_time\" content=\"2023-02-08T16:59:48+00:00\" \/>\n<meta property=\"og:image\" content=\"https:\/\/hearts-science.com\/wp-content\/uploads\/2019\/02\/hs-og-tag-no-copy-facebook.png\" \/>\n\t<meta property=\"og:image:width\" content=\"1024\" \/>\n\t<meta property=\"og:image:height\" content=\"512\" \/>\n\t<meta property=\"og:image:type\" content=\"image\/png\" \/>\n<meta name=\"twitter:card\" content=\"summary_large_image\" \/>\n<meta name=\"twitter:title\" content=\"Careers \u2013 Hearts &amp; Science\" \/>\n<meta name=\"twitter:description\" content=\"We are now hiring! Join our data-driven team of innovators and reimagine the media industry with us. See our core values and the perks of the job.\" \/>\n<meta name=\"twitter:image\" content=\"https:\/\/hearts-science.com\/wp-content\/uploads\/2019\/02\/hs-og-tag-no-copy-twitter.png\" \/>\n<script type=\"application\/ld+json\" class=\"yoast-schema-graph\">{\"@context\":\"https:\\\/\\\/schema.org\",\"@graph\":[{\"@type\":\"WebPage\",\"@id\":\"https:\\\/\\\/hearts-science.com\\\/sv\\\/karriar\\\/\",\"url\":\"https:\\\/\\\/hearts-science.com\\\/sv\\\/karriar\\\/\",\"name\":\"Karri\u00e4r &#8211; Hearts &amp; Science\",\"isPartOf\":{\"@id\":\"https:\\\/\\\/hearts-science.com\\\/#website\"},\"datePublished\":\"2018-09-11T14:29:34+00:00\",\"dateModified\":\"2023-02-08T16:59:48+00:00\",\"description\":\"Bli en del av v\u00e5rt h\u00e4rliga g\u00e4ng av fram\u00e5tlutade kollegor! L\u00e4s mer om Hearts & Science som arbetsplats och vad vi erbjuder.\",\"breadcrumb\":{\"@id\":\"https:\\\/\\\/hearts-science.com\\\/sv\\\/karriar\\\/#breadcrumb\"},\"inLanguage\":\"sv-SE\",\"potentialAction\":[{\"@type\":\"ReadAction\",\"target\":[\"https:\\\/\\\/hearts-science.com\\\/sv\\\/karriar\\\/\"]}]},{\"@type\":\"BreadcrumbList\",\"@id\":\"https:\\\/\\\/hearts-science.com\\\/sv\\\/karriar\\\/#breadcrumb\",\"itemListElement\":[{\"@type\":\"ListItem\",\"position\":1,\"name\":\"Home\",\"item\":\"https:\\\/\\\/hearts-science.com\\\/sv\\\/\"},{\"@type\":\"ListItem\",\"position\":2,\"name\":\"Karri\u00e4r\"}]},{\"@type\":\"WebSite\",\"@id\":\"https:\\\/\\\/hearts-science.com\\\/#website\",\"url\":\"https:\\\/\\\/hearts-science.com\\\/\",\"name\":\"Hearts &amp; Science\",\"description\":\"Global Marketing Agency\",\"potentialAction\":[{\"@type\":\"SearchAction\",\"target\":{\"@type\":\"EntryPoint\",\"urlTemplate\":\"https:\\\/\\\/hearts-science.com\\\/?s={search_term_string}\"},\"query-input\":{\"@type\":\"PropertyValueSpecification\",\"valueRequired\":true,\"valueName\":\"search_term_string\"}}],\"inLanguage\":\"sv-SE\"}]}<\/script>\n<!-- \/ Yoast SEO plugin. -->","yoast_head_json":{"title":"Karri\u00e4r &#8211; Hearts &amp; Science","description":"Bli en del av v\u00e5rt h\u00e4rliga g\u00e4ng av fram\u00e5tlutade kollegor! L\u00e4s mer om Hearts & Science som arbetsplats och vad vi erbjuder.","robots":{"index":"index","follow":"follow","max-snippet":"max-snippet:-1","max-image-preview":"max-image-preview:large","max-video-preview":"max-video-preview:-1"},"canonical":"https:\/\/hearts-science.com\/sv\/karriar\/","og_locale":"sv_SE","og_type":"article","og_title":"Careers \u2013 Hearts & Science","og_description":"We are now hiring! Join our data-driven team of innovators and reimagine the media industry with us. See our core values and the perks of the job.","og_url":"https:\/\/hearts-science.com\/sv\/karriar\/","og_site_name":"Hearts &amp; Science","article_modified_time":"2023-02-08T16:59:48+00:00","og_image":[{"width":1024,"height":512,"url":"https:\/\/hearts-science.com\/wp-content\/uploads\/2019\/02\/hs-og-tag-no-copy-facebook.png","type":"image\/png"}],"twitter_card":"summary_large_image","twitter_title":"Careers \u2013 Hearts & Science","twitter_description":"We are now hiring! Join our data-driven team of innovators and reimagine the media industry with us. See our core values and the perks of the job.","twitter_image":"https:\/\/hearts-science.com\/wp-content\/uploads\/2019\/02\/hs-og-tag-no-copy-twitter.png","schema":{"@context":"https:\/\/schema.org","@graph":[{"@type":"WebPage","@id":"https:\/\/hearts-science.com\/sv\/karriar\/","url":"https:\/\/hearts-science.com\/sv\/karriar\/","name":"Karri\u00e4r &#8211; Hearts &amp; Science","isPartOf":{"@id":"https:\/\/hearts-science.com\/#website"},"datePublished":"2018-09-11T14:29:34+00:00","dateModified":"2023-02-08T16:59:48+00:00","description":"Bli en del av v\u00e5rt h\u00e4rliga g\u00e4ng av fram\u00e5tlutade kollegor! L\u00e4s mer om Hearts & Science som arbetsplats och vad vi erbjuder.","breadcrumb":{"@id":"https:\/\/hearts-science.com\/sv\/karriar\/#breadcrumb"},"inLanguage":"sv-SE","potentialAction":[{"@type":"ReadAction","target":["https:\/\/hearts-science.com\/sv\/karriar\/"]}]},{"@type":"BreadcrumbList","@id":"https:\/\/hearts-science.com\/sv\/karriar\/#breadcrumb","itemListElement":[{"@type":"ListItem","position":1,"name":"Home","item":"https:\/\/hearts-science.com\/sv\/"},{"@type":"ListItem","position":2,"name":"Karri\u00e4r"}]},{"@type":"WebSite","@id":"https:\/\/hearts-science.com\/#website","url":"https:\/\/hearts-science.com\/","name":"Hearts &amp; Science","description":"Global Marketing Agency","potentialAction":[{"@type":"SearchAction","target":{"@type":"EntryPoint","urlTemplate":"https:\/\/hearts-science.com\/?s={search_term_string}"},"query-input":{"@type":"PropertyValueSpecification","valueRequired":true,"valueName":"search_term_string"}}],"inLanguage":"sv-SE"}]}},"jetpack_sharing_enabled":true,"publishpress_future_workflow_manual_trigger":{"enabledWorkflows":[]},"_links":{"self":[{"href":"https:\/\/hearts-science.com\/sv\/wp-json\/wp\/v2\/pages\/4163","targetHints":{"allow":["GET"]}}],"collection":[{"href":"https:\/\/hearts-science.com\/sv\/wp-json\/wp\/v2\/pages"}],"about":[{"href":"https:\/\/hearts-science.com\/sv\/wp-json\/wp\/v2\/types\/page"}],"author":[{"embeddable":true,"href":"https:\/\/hearts-science.com\/sv\/wp-json\/wp\/v2\/users\/1"}],"replies":[{"embeddable":true,"href":"https:\/\/hearts-science.com\/sv\/wp-json\/wp\/v2\/comments?post=4163"}],"version-history":[{"count":0,"href":"https:\/\/hearts-science.com\/sv\/wp-json\/wp\/v2\/pages\/4163\/revisions"}],"wp:attachment":[{"href":"https:\/\/hearts-science.com\/sv\/wp-json\/wp\/v2\/media?parent=4163"}],"curies":[{"name":"wp","href":"https:\/\/api.w.org\/{rel}","templated":true}]}}